{"id":61,"date":"2012-09-06T18:13:55","date_gmt":"2012-09-06T18:13:55","guid":{"rendered":"http:\/\/www.narcisroca.com\/?page_id=61"},"modified":"2013-11-19T21:40:50","modified_gmt":"2013-11-19T21:40:50","slug":"show","status":"publish","type":"page","link":"https:\/\/www.narcisroca.com\/?page_id=61","title":{"rendered":"Narc\u00eds Roca Show"},"content":{"rendered":"<p style=\"text-align: justify;\"><strong>Si cre\u00edas haberlo visto todo&#8230; Sorpr\u00e9ndete con el nuevo espect\u00e1culo de Narc\u00eds Roca Stunt Show! Deber\u00edas saber que existe algo realmente nuevo, diferente y mejor. Freestyle en estado puro! M\u00e1s que un deporte, una experiencia que no te dejara indiferente.<\/strong><\/p>\n<p style=\"text-align: justify;\"><a href=\"http:\/\/www.narcisroca.com\/show\/show5\" rel=\"attachment wp-att-497\"><img loading=\"lazy\" decoding=\"async\" class=\"aligncenter size-full wp-image-497\" title=\"show5\" src=\"http:\/\/www.narcisroca.com\/wp-content\/uploads\/2012\/09\/show5.jpg\" alt=\"\" width=\"580\" height=\"275\" srcset=\"https:\/\/www.narcisroca.com\/wp-content\/uploads\/2012\/09\/show5.jpg 580w, https:\/\/www.narcisroca.com\/wp-content\/uploads\/2012\/09\/show5-300x142.jpg 300w\" sizes=\"auto, (max-width: 580px) 100vw, 580px\" \/><\/a><\/p>\n<p style=\"text-align: justify;\">El Narc\u00eds Roca Stunt Show tiene una duraci\u00f3n aproximada de unos 50 minutos a una hora cada pase y en funci\u00f3n de los veh\u00edculos requeridos. Actuando en cualquier superficie, las necesidades m\u00ednimas son de una pista rectangular con unas medidas aproximadas de 40 metros de largo por 6 metros de ancho, todo y as\u00ed Narc\u00eds act\u00faa donde se le requiere, plazas de toros, discotecas, parkings&#8230; La pista puede ser redonda, cuadrada&#8230; Narc\u00eds se adapta a todo, incluso a condiciones meteorol\u00f3gicas adversas. Eso si sin borrar la sonrisa de su cara, todo ello interactuando siempre\u00a0 con el publico.<\/p>\n<p style=\"text-align: justify;\">El Show principal se divide de 5 partes, empezando por la BMW F800R,\u00a0 de manejo \u00e1gil y preciso, compacta y de llamativo dise\u00f1o, un estilo \u00fanico. dise\u00f1ada para dar acci\u00f3n sobre el asfalto, totalmente preparada para el Stunt Show.<\/p>\n<p><a href=\"http:\/\/www.narcisroca.com\/show\/show1-2\" rel=\"attachment wp-att-488\"><img loading=\"lazy\" decoding=\"async\" class=\"aligncenter size-full wp-image-488\" title=\"show1\" src=\"http:\/\/www.narcisroca.com\/wp-content\/uploads\/2012\/09\/show11.jpg\" alt=\"\" width=\"580\" height=\"369\" srcset=\"https:\/\/www.narcisroca.com\/wp-content\/uploads\/2012\/09\/show11.jpg 580w, https:\/\/www.narcisroca.com\/wp-content\/uploads\/2012\/09\/show11-300x190.jpg 300w\" sizes=\"auto, (max-width: 580px) 100vw, 580px\" \/><\/a><\/p>\n<p style=\"text-align: justify;\">Seguidamente el Quad, ruido asegurado. Un pilotaje extremo con un alto nivel de adrenalina. Una conducci\u00f3n agresiva al mas puro estilo de drift combinando los trucos del stunt adaptados al quad,\u00a0 sin parar de dar giros, humo, derrapadas interminables y la precisi\u00f3n de encajarlo en calles a veces de lo mas estrechas.<\/p>\n<p><a href=\"http:\/\/www.narcisroca.com\/show\/show2-3\" rel=\"attachment wp-att-491\"><img loading=\"lazy\" decoding=\"async\" class=\"aligncenter size-full wp-image-491\" title=\"show2\" src=\"http:\/\/www.narcisroca.com\/wp-content\/uploads\/2012\/09\/show22.jpg\" alt=\"\" width=\"580\" height=\"369\" srcset=\"https:\/\/www.narcisroca.com\/wp-content\/uploads\/2012\/09\/show22.jpg 580w, https:\/\/www.narcisroca.com\/wp-content\/uploads\/2012\/09\/show22-300x190.jpg 300w\" sizes=\"auto, (max-width: 580px) 100vw, 580px\" \/><\/a><a href=\"http:\/\/www.narcisroca.com\/show\/show3-3\" rel=\"attachment wp-att-492\"><img loading=\"lazy\" decoding=\"async\" class=\"aligncenter size-full wp-image-492\" title=\"show3\" src=\"http:\/\/www.narcisroca.com\/wp-content\/uploads\/2012\/09\/show32.jpg\" alt=\"\" width=\"580\" height=\"369\" srcset=\"https:\/\/www.narcisroca.com\/wp-content\/uploads\/2012\/09\/show32.jpg 580w, https:\/\/www.narcisroca.com\/wp-content\/uploads\/2012\/09\/show32-300x190.jpg 300w\" sizes=\"auto, (max-width: 580px) 100vw, 580px\" \/><\/a><\/p>\n<p style=\"text-align: justify;\">Sin rueda delantera, una dificultad a\u00f1adida a los trucos de stunt, aun con el riesgo que eso conlleva Narc\u00eds lo lleva a cabo en cada actuaci\u00f3n. no hay margen de error. Narc\u00eds es el \u00fanico piloto en Espa\u00f1a y de los pocos en el mundo que realiza parte de su espect\u00e1culo sin la rueda delantera.<\/p>\n<p><a href=\"http:\/\/www.narcisroca.com\/show\/show4-2\" rel=\"attachment wp-att-493\"><img loading=\"lazy\" decoding=\"async\" class=\"aligncenter size-full wp-image-493\" title=\"show4\" src=\"http:\/\/www.narcisroca.com\/wp-content\/uploads\/2012\/09\/show41.jpg\" alt=\"\" width=\"580\" height=\"369\" srcset=\"https:\/\/www.narcisroca.com\/wp-content\/uploads\/2012\/09\/show41.jpg 580w, https:\/\/www.narcisroca.com\/wp-content\/uploads\/2012\/09\/show41-300x190.jpg 300w\" sizes=\"auto, (max-width: 580px) 100vw, 580px\" \/><\/a><\/p>\n<p>Front-flip, ver a Narcis dando volteretas en una moto, consigue hacer f\u00e1cil lo imposible.<\/p>\n<p><a href=\"http:\/\/www.narcisroca.com\/show\/show9\" rel=\"attachment wp-att-500\"><img loading=\"lazy\" decoding=\"async\" class=\"aligncenter size-full wp-image-500\" title=\"show9\" src=\"http:\/\/www.narcisroca.com\/wp-content\/uploads\/2012\/09\/show9.jpg\" alt=\"\" width=\"580\" height=\"369\" srcset=\"https:\/\/www.narcisroca.com\/wp-content\/uploads\/2012\/09\/show9.jpg 580w, https:\/\/www.narcisroca.com\/wp-content\/uploads\/2012\/09\/show9-300x190.jpg 300w\" sizes=\"auto, (max-width: 580px) 100vw, 580px\" \/><\/a><\/p>\n<p>Sidecar, sientete uno mas del show y atravete a ser el copiloto de Narc\u00eds, llegados a este punto del espect\u00e1culo es donde el espectador puede experimentar en sus propias carnes y en primera persona la emoci\u00f3n y adrenalina de este espect\u00e1culo. Una experiencia inolvidable e irrepetible.<\/p>\n<p><a href=\"http:\/\/www.narcisroca.com\/show\/show4\" rel=\"attachment wp-att-79\"><img loading=\"lazy\" decoding=\"async\" class=\"aligncenter size-full wp-image-79\" title=\"show4\" src=\"http:\/\/www.narcisroca.com\/wp-content\/uploads\/2012\/09\/show4-e1346966634397.jpg\" alt=\"\" width=\"580\" height=\"387\" \/><\/a><a href=\"http:\/\/www.narcisroca.com\/show\/show16\" rel=\"attachment wp-att-511\"><img loading=\"lazy\" decoding=\"async\" class=\"aligncenter size-full wp-image-511\" title=\"show16\" src=\"http:\/\/www.narcisroca.com\/wp-content\/uploads\/2012\/09\/show16.jpg\" alt=\"\" width=\"580\" height=\"275\" srcset=\"https:\/\/www.narcisroca.com\/wp-content\/uploads\/2012\/09\/show16.jpg 580w, https:\/\/www.narcisroca.com\/wp-content\/uploads\/2012\/09\/show16-300x142.jpg 300w\" sizes=\"auto, (max-width: 580px) 100vw, 580px\" \/><\/a><\/p>\n<p>Buggie, con un motor de motode gran cilindrada, una demostraci\u00f3n de drifting impecable, en espacios pr\u00e1cticamente imposibles. Es dif\u00edcil de describir, vivirlo en directo es algo que jam\u00e1s olvidas.<\/p>\n<p><a href=\"http:\/\/www.narcisroca.com\/show\/show10\" rel=\"attachment wp-att-502\"><img loading=\"lazy\" decoding=\"async\" class=\"aligncenter size-full wp-image-502\" title=\"show10\" src=\"http:\/\/www.narcisroca.com\/wp-content\/uploads\/2012\/09\/show10.jpg\" alt=\"\" width=\"580\" height=\"275\" srcset=\"https:\/\/www.narcisroca.com\/wp-content\/uploads\/2012\/09\/show10.jpg 580w, https:\/\/www.narcisroca.com\/wp-content\/uploads\/2012\/09\/show10-300x142.jpg 300w\" sizes=\"auto, (max-width: 580px) 100vw, 580px\" \/><\/a><a href=\"http:\/\/www.narcisroca.com\/show\/show7\" rel=\"attachment wp-att-501\"><img loading=\"lazy\" decoding=\"async\" class=\"aligncenter size-full wp-image-501\" title=\"show7\" src=\"http:\/\/www.narcisroca.com\/wp-content\/uploads\/2012\/09\/show7.jpg\" alt=\"\" width=\"580\" height=\"275\" srcset=\"https:\/\/www.narcisroca.com\/wp-content\/uploads\/2012\/09\/show7.jpg 580w, https:\/\/www.narcisroca.com\/wp-content\/uploads\/2012\/09\/show7-300x142.jpg 300w\" sizes=\"auto, (max-width: 580px) 100vw, 580px\" \/><\/a><\/p>\n<p>Kart, con motor de moto de dos tiempos impresionante su rugido y su habilidad en realizar trompos 360\u00ba a peque\u00f1a escala.<\/p>\n<p><a href=\"http:\/\/www.narcisroca.com\/show\/show11\" rel=\"attachment wp-att-503\"><img loading=\"lazy\" decoding=\"async\" class=\"aligncenter size-full wp-image-503\" title=\"show11\" src=\"http:\/\/www.narcisroca.com\/wp-content\/uploads\/2012\/09\/show111.jpg\" alt=\"\" width=\"580\" height=\"275\" srcset=\"https:\/\/www.narcisroca.com\/wp-content\/uploads\/2012\/09\/show111.jpg 580w, https:\/\/www.narcisroca.com\/wp-content\/uploads\/2012\/09\/show111-300x142.jpg 300w\" sizes=\"auto, (max-width: 580px) 100vw, 580px\" \/><\/a><a href=\"http:\/\/www.narcisroca.com\/show\/show12\" rel=\"attachment wp-att-504\"><img loading=\"lazy\" decoding=\"async\" class=\"aligncenter size-full wp-image-504\" title=\"show12\" src=\"http:\/\/www.narcisroca.com\/wp-content\/uploads\/2012\/09\/show12.jpg\" alt=\"\" width=\"580\" height=\"312\" srcset=\"https:\/\/www.narcisroca.com\/wp-content\/uploads\/2012\/09\/show12.jpg 580w, https:\/\/www.narcisroca.com\/wp-content\/uploads\/2012\/09\/show12-300x161.jpg 300w\" sizes=\"auto, (max-width: 580px) 100vw, 580px\" \/><\/a><\/p>\n<p>Ademas Narc\u00eds entre vehiculo y vehiculo juega con sus zapatos de hierro arrastrando con la moto, monociclo, rampas para hacer del show tambien una diversi\u00f3n y todos pasen un rato de lo mas agradable.<\/p>\n<p style=\"text-align: center;\"><a href=\"http:\/\/www.narcisroca.com\/show\/show8\" rel=\"attachment wp-att-505\"><img loading=\"lazy\" decoding=\"async\" class=\"aligncenter size-full wp-image-505\" title=\"show8\" src=\"http:\/\/www.narcisroca.com\/wp-content\/uploads\/2012\/09\/show8.jpg\" alt=\"\" width=\"580\" height=\"275\" srcset=\"https:\/\/www.narcisroca.com\/wp-content\/uploads\/2012\/09\/show8.jpg 580w, https:\/\/www.narcisroca.com\/wp-content\/uploads\/2012\/09\/show8-300x142.jpg 300w\" sizes=\"auto, (max-width: 580px) 100vw, 580px\" \/><\/a><a href=\"http:\/\/www.narcisroca.com\/show\/show13\" rel=\"attachment wp-att-506\"><img loading=\"lazy\" decoding=\"async\" class=\"aligncenter size-full wp-image-506\" title=\"show13\" src=\"http:\/\/www.narcisroca.com\/wp-content\/uploads\/2012\/09\/show13.jpg\" alt=\"\" width=\"580\" height=\"275\" srcset=\"https:\/\/www.narcisroca.com\/wp-content\/uploads\/2012\/09\/show13.jpg 580w, https:\/\/www.narcisroca.com\/wp-content\/uploads\/2012\/09\/show13-300x142.jpg 300w\" sizes=\"auto, (max-width: 580px) 100vw, 580px\" \/><\/a><a href=\"http:\/\/www.narcisroca.com\/show\/show15\" rel=\"attachment wp-att-509\"><img loading=\"lazy\" decoding=\"async\" class=\"aligncenter\" title=\"show15\" src=\"http:\/\/www.narcisroca.com\/wp-content\/uploads\/2012\/09\/show15.jpg\" alt=\"\" width=\"580\" height=\"275\" \/><\/a><\/p>\n<p><a href=\"http:\/\/www.narcisroca.com\/show\/show6\" rel=\"attachment wp-att-507\"><img loading=\"lazy\" decoding=\"async\" class=\"aligncenter size-full wp-image-507\" title=\"show6\" src=\"http:\/\/www.narcisroca.com\/wp-content\/uploads\/2012\/09\/show6.jpg\" alt=\"\" width=\"580\" height=\"275\" srcset=\"https:\/\/www.narcisroca.com\/wp-content\/uploads\/2012\/09\/show6.jpg 580w, https:\/\/www.narcisroca.com\/wp-content\/uploads\/2012\/09\/show6-300x142.jpg 300w\" sizes=\"auto, (max-width: 580px) 100vw, 580px\" \/><\/a><a href=\"http:\/\/www.narcisroca.com\/show\/show14\" rel=\"attachment wp-att-508\"><img loading=\"lazy\" decoding=\"async\" class=\"aligncenter size-full wp-image-508\" title=\"show14\" src=\"http:\/\/www.narcisroca.com\/wp-content\/uploads\/2012\/09\/show14.jpg\" alt=\"\" width=\"580\" height=\"312\" srcset=\"https:\/\/www.narcisroca.com\/wp-content\/uploads\/2012\/09\/show14.jpg 580w, https:\/\/www.narcisroca.com\/wp-content\/uploads\/2012\/09\/show14-300x161.jpg 300w\" sizes=\"auto, (max-width: 580px) 100vw, 580px\" \/><\/a><\/p>\n","protected":false},"excerpt":{"rendered":"<p>Si cre\u00edas haberlo visto todo&#8230; Sorpr\u00e9ndete con el nuevo espect\u00e1culo de Narc\u00eds Roca Stunt Show! Deber\u00edas saber que existe algo realmente nuevo, diferente y mejor. Freestyle en estado puro! M\u00e1s que un deporte, una experiencia que no te dejara indiferente. El Narc\u00eds Roca Stunt Show tiene una duraci\u00f3n aproximada de unos 50 minutos a una&#8230; <a href=\"https:\/\/www.narcisroca.com\/?page_id=61\">(Leer m\u00e1s&#8230;)<\/a><\/p>\n","protected":false},"author":4,"featured_media":0,"parent":0,"menu_order":0,"comment_status":"open","ping_status":"open","template":"","meta":{"footnotes":""},"class_list":["post-61","page","type-page","status-publish","hentry"],"_links":{"self":[{"href":"https:\/\/www.narcisroca.com\/index.php?rest_route=\/wp\/v2\/pages\/61","targetHints":{"allow":["GET"]}}],"collection":[{"href":"https:\/\/www.narcisroca.com\/index.php?rest_route=\/wp\/v2\/pages"}],"about":[{"href":"https:\/\/www.narcisroca.com\/index.php?rest_route=\/wp\/v2\/types\/page"}],"author":[{"embeddable":true,"href":"https:\/\/www.narcisroca.com\/index.php?rest_route=\/wp\/v2\/users\/4"}],"replies":[{"embeddable":true,"href":"https:\/\/www.narcisroca.com\/index.php?rest_route=%2Fwp%2Fv2%2Fcomments&post=61"}],"version-history":[{"count":18,"href":"https:\/\/www.narcisroca.com\/index.php?rest_route=\/wp\/v2\/pages\/61\/revisions"}],"predecessor-version":[{"id":65,"href":"https:\/\/www.narcisroca.com\/index.php?rest_route=\/wp\/v2\/pages\/61\/revisions\/65"}],"wp:attachment":[{"href":"https:\/\/www.narcisroca.com\/index.php?rest_route=%2Fwp%2Fv2%2Fmedia&parent=61"}],"curies":[{"name":"wp","href":"https:\/\/api.w.org\/{rel}","templated":true}]}}