{"id":47,"date":"2012-09-05T21:44:11","date_gmt":"2012-09-05T21:44:11","guid":{"rendered":"http:\/\/www.narcisroca.com\/?page_id=47"},"modified":"2021-05-05T09:25:56","modified_gmt":"2021-05-05T09:25:56","slug":"inicio","status":"publish","type":"page","link":"https:\/\/www.narcisroca.com\/","title":{"rendered":"BMW F900R DIN\u00c1MICA, PROGRESIVA, INTUITIVA"},"content":{"rendered":"<p><a href=\"http:\/\/www.narcisroca.com\/wp-content\/uploads\/2021\/05\/q2_f900r_480x480.jpg\"><img loading=\"lazy\" decoding=\"async\" class=\"alignnone size-medium wp-image-968\" src=\"http:\/\/www.narcisroca.com\/wp-content\/uploads\/2021\/05\/q2_f900r_480x480-300x300.jpg\" alt=\"q2_f900r_480x480\" width=\"300\" height=\"300\" srcset=\"https:\/\/www.narcisroca.com\/wp-content\/uploads\/2021\/05\/q2_f900r_480x480-300x300.jpg 300w, https:\/\/www.narcisroca.com\/wp-content\/uploads\/2021\/05\/q2_f900r_480x480-150x150.jpg 150w, https:\/\/www.narcisroca.com\/wp-content\/uploads\/2021\/05\/q2_f900r_480x480.jpg 480w\" sizes=\"auto, (max-width: 300px) 100vw, 300px\" \/><\/a><\/p>\n<div class=\"promo__info\">\n<div class=\"container\">\n<p>La F900R responde de manera precisa y directa. As\u00ed tomar\u00e1s cada curva de manera intuitiva con la potencia adecuada, como si transformaras directamente tus ideas en el puro placer de conducir. Adem\u00e1s, la F99R te acompa\u00f1ar\u00e1 con su tecnolog\u00eda de iluminaci\u00f3n, Connnectivity y seguridad, superando con creces al resto.*<\/p>\n<h6>*El modelo mostrado puede no corresponder con el modelo ofertado.<\/h6>\n<p><a href=\"https:\/\/promociones.bmw-motorrad.es\/motos-scooters\/f-900-r\/\" target=\"_blank\">Click aqu\u00ed<\/a>\u00a0para m\u00e1s informaci\u00f3n<\/p>\n<p>&nbsp;<\/p>\n<p>&nbsp;<\/p>\n<p>&nbsp;<\/p>\n<p>&nbsp;<\/p>\n<\/div>\n<\/div>\n<h2 class=\"post__subtitle\"><\/h2>\n","protected":false},"excerpt":{"rendered":"<p>La F900R responde de manera precisa y directa. As\u00ed tomar\u00e1s cada curva de manera intuitiva con la potencia adecuada, como si transformaras directamente tus ideas en el puro placer de conducir. Adem\u00e1s, la F99R te acompa\u00f1ar\u00e1 con su tecnolog\u00eda de iluminaci\u00f3n, Connnectivity y seguridad, superando con creces al resto.* *El modelo mostrado puede no corresponder&#8230; <a href=\"https:\/\/www.narcisroca.com\/\">(Leer m\u00e1s&#8230;)<\/a><\/p>\n","protected":false},"author":4,"featured_media":820,"parent":0,"menu_order":0,"comment_status":"open","ping_status":"open","template":"homepage.php","meta":{"footnotes":""},"class_list":["post-47","page","type-page","status-publish","has-post-thumbnail","hentry"],"_links":{"self":[{"href":"https:\/\/www.narcisroca.com\/index.php?rest_route=\/wp\/v2\/pages\/47","targetHints":{"allow":["GET"]}}],"collection":[{"href":"https:\/\/www.narcisroca.com\/index.php?rest_route=\/wp\/v2\/pages"}],"about":[{"href":"https:\/\/www.narcisroca.com\/index.php?rest_route=\/wp\/v2\/types\/page"}],"author":[{"embeddable":true,"href":"https:\/\/www.narcisroca.com\/index.php?rest_route=\/wp\/v2\/users\/4"}],"replies":[{"embeddable":true,"href":"https:\/\/www.narcisroca.com\/index.php?rest_route=%2Fwp%2Fv2%2Fcomments&post=47"}],"version-history":[{"count":79,"href":"https:\/\/www.narcisroca.com\/index.php?rest_route=\/wp\/v2\/pages\/47\/revisions"}],"predecessor-version":[{"id":969,"href":"https:\/\/www.narcisroca.com\/index.php?rest_route=\/wp\/v2\/pages\/47\/revisions\/969"}],"wp:featuredmedia":[{"embeddable":true,"href":"https:\/\/www.narcisroca.com\/index.php?rest_route=\/wp\/v2\/media\/820"}],"wp:attachment":[{"href":"https:\/\/www.narcisroca.com\/index.php?rest_route=%2Fwp%2Fv2%2Fmedia&parent=47"}],"curies":[{"name":"wp","href":"https:\/\/api.w.org\/{rel}","templated":true}]}}