{"id":290,"date":"2013-10-15T10:25:31","date_gmt":"2013-10-15T10:25:31","guid":{"rendered":"http:\/\/www.narcisroca.com\/?page_id=290"},"modified":"2013-12-20T12:02:20","modified_gmt":"2013-12-20T12:02:20","slug":"stunt","status":"publish","type":"page","link":"https:\/\/www.narcisroca.com\/?page_id=290","title":{"rendered":"Cine &#8211; TV"},"content":{"rendered":"<p>Le gusta el riesgo y a la largo de su vida a conseguido superar muchos retos. Para Narcis nunca existe limitaci\u00f3n. La adrenalina es su fuente de alimentaci\u00f3n.<\/p>\n<p>Todo esto lo demuestra en sus shows y a la vez en el mundo del cine y la publicidad como especialista y doble en las escenas de riesgo.<\/p>\n<p>Siempre que puede y el tiempo le deja, intenta que sea compatible.<\/p>\n<h2>CURRIC\u00daLUM<\/h2>\n<p>Nombre: NARCIS ROCA<\/p>\n<p>Actor especialista de cine, television y publicidad, en acciones de riesgo con todo tipo de vehiclos.<\/p>\n<p>Residencia: Espa\u00f1a (Barcelona).<\/p>\n<p>Altura: 1.87 cms.<\/p>\n<p>Peso:\u00a085 Kgs.<\/p>\n<p>Tel\u00e9fono: + 34 &#8211; 606 77 40 34<\/p>\n<p>Ojos: Marrones.<\/p>\n<p>Pelo: Negro.<\/p>\n<p>E-mail: info@narcisroca.com<\/p>\n<ul>\n<li>Asesoramiento en las escenas de acci\u00f3n de acuerdo con el director<\/li>\n<li>Preparar y dise\u00f1ar acciones con el director en preproducci\u00f3n.<\/li>\n<li>Ense\u00f1ar, entrenar y preparar a los actores, etc\u2026<\/li>\n<li>Ejecutar las acciones necesarias de manera segura bajo las indicaciones del coordinador.<\/li>\n<li>Conducci\u00f3n de todo tipo de vehiculos, derrapes, drifting, acrobacias, cabalitos, invertidos, bur-aout, etc&#8230;<\/li>\n<\/ul>\n<h3>\u00a0EXPERIENCIA PROFESIONAL<\/h3>\n<h4>\u00a0CINE<\/h4>\n<h5>TENGO GANAS DE TI<\/h5>\n<p>2010\/2011 Sin dudas unos a\u00f1os mas importantes en su carrera como stunt colabora en la pelicula \u201c3 Metros sobre el cielo\u201d y la segunda parte \u201cTengo ganas de ti\u201d la experiencia de rodar una pelicula de accion espa\u00f1ola, es algo que cuesta de ver y de creer.\u00a0Con actores tan reconocidos como Mario Casa, Mar\u00eda Valverde, Clara Lago, \u00c1lvaro Cervantes, Luis Fern\u00e1ndez<\/p>\n<p><iframe loading=\"lazy\" src=\"\/\/www.youtube.com\/embed\/X_jZHkOYSIg\" frameborder=\"0\" width=\"580\" height=\"326\"><\/iframe><\/p>\n<h5>3 METROS SOBRE EL CIELO<br \/>\n<iframe loading=\"lazy\" src=\"\/\/www.youtube.com\/embed\/hCukc39_Odc\" frameborder=\"0\" width=\"580\" height=\"326\"><\/iframe><\/h5>\n<h5>ART THE HEIST (Ladrones de arte)<\/h5>\n<p>En 2004 pudo hacer su primera colaboraci\u00f3n en el cine, un pel\u00edcula americana rodada en Barcelona entre actores como William Baldwin, Ellen Pompeo, Abel Folk\u2026 Una pel\u00edcula con mucha acci\u00f3n, persecuciones en coche y motos. Narcis hacia de doble (en el triller de continuaci\u00f3n es el conduce la moto roja) del ladr\u00f3n de cuadros perseguido por William Balwin en moto, protagonizando una escena de persecuciones en motos por toda Barcelona, saltando coches, bajando por escaleras, invertidos e incluso teniendo que saltar un autob\u00fas. Tiene que ser brutal poder ir por Barcelona salt\u00e1ndose las normas!\u00a0Entre otras cosas fue encargado de la logistica de los vehiculos, conseguirlos todos, su puesta a punto y coordinaci\u00f3n de las escenas.<\/p>\n<p><iframe loading=\"lazy\" src=\"\/\/www.youtube.com\/embed\/qUB2r1yvgsw\" frameborder=\"0\" width=\"580\" height=\"435\"><\/iframe><\/p>\n<h4>TELEVISI\u00d3N<\/h4>\n<h3>2012<\/h3>\n<p>Colaboraci\u00f3n en el programa S\u00e1lvame diario de Telecinco.<\/p>\n<p>Realizaci\u00f3n de acrobacias en moto con la colaboradora del programa Karmele Marchante, en los exteriores de los platos de telecinco, sobre superficie de asfalto.<\/p>\n<h4>\u00a0PUBLICIDAD<\/h4>\n<h4>VIDEOCLIPS<\/h4>\n<p>2012<\/p>\n<p>DJ Geo da silva CANCI\u00d3N hey mr. dj get up<\/p>\n<p>Acrobacias con la moto BMW F800R sobre superficie de arena y asfalto, con las modelos protagonistas del videoclip.<\/p>\n<p>Localizaci\u00f3n Tossa de Mar.<\/p>\n<p>Discogr\u00e1fica: Blanco y negro<br \/>\n<iframe loading=\"lazy\" src=\"\/\/www.youtube.com\/embed\/AEc9rpNifXs\" frameborder=\"0\" width=\"580\" height=\"326\"><\/iframe><\/p>\n","protected":false},"excerpt":{"rendered":"<p>Le gusta el riesgo y a la largo de su vida a conseguido superar muchos retos. Para Narcis nunca existe limitaci\u00f3n. La adrenalina es su fuente de alimentaci\u00f3n. Todo esto lo demuestra en sus shows y a la vez en el mundo del cine y la publicidad como especialista y doble en las escenas de&#8230; <a href=\"https:\/\/www.narcisroca.com\/?page_id=290\">(Leer m\u00e1s&#8230;)<\/a><\/p>\n","protected":false},"author":4,"featured_media":0,"parent":0,"menu_order":0,"comment_status":"open","ping_status":"open","template":"","meta":{"footnotes":""},"class_list":["post-290","page","type-page","status-publish","hentry"],"_links":{"self":[{"href":"https:\/\/www.narcisroca.com\/index.php?rest_route=\/wp\/v2\/pages\/290","targetHints":{"allow":["GET"]}}],"collection":[{"href":"https:\/\/www.narcisroca.com\/index.php?rest_route=\/wp\/v2\/pages"}],"about":[{"href":"https:\/\/www.narcisroca.com\/index.php?rest_route=\/wp\/v2\/types\/page"}],"author":[{"embeddable":true,"href":"https:\/\/www.narcisroca.com\/index.php?rest_route=\/wp\/v2\/users\/4"}],"replies":[{"embeddable":true,"href":"https:\/\/www.narcisroca.com\/index.php?rest_route=%2Fwp%2Fv2%2Fcomments&post=290"}],"version-history":[{"count":8,"href":"https:\/\/www.narcisroca.com\/index.php?rest_route=\/wp\/v2\/pages\/290\/revisions"}],"predecessor-version":[{"id":292,"href":"https:\/\/www.narcisroca.com\/index.php?rest_route=\/wp\/v2\/pages\/290\/revisions\/292"}],"wp:attachment":[{"href":"https:\/\/www.narcisroca.com\/index.php?rest_route=%2Fwp%2Fv2%2Fmedia&parent=290"}],"curies":[{"name":"wp","href":"https:\/\/api.w.org\/{rel}","templated":true}]}}