{"id":2,"date":"2012-09-05T11:41:12","date_gmt":"2012-09-05T11:41:12","guid":{"rendered":"http:\/\/www.narcisroca.com\/?page_id=2"},"modified":"2014-11-07T10:28:06","modified_gmt":"2014-11-07T10:28:06","slug":"bio","status":"publish","type":"page","link":"https:\/\/www.narcisroca.com\/?page_id=2","title":{"rendered":"Bio"},"content":{"rendered":"<p>Narc\u00eds Roca lleva toda una vida dedicada al mundo del motor, de bien peque\u00f1o la pasi\u00f3n por el motor y las dos ruedas era evidente, se pasaba el d\u00eda trasteando en el taller de su padre.<\/p>\n<p>Cuando no te dabas cuenta, con apenas 7 a\u00f1os, ya iba a una rueda con sus bicicleta de BMX, a partir de aqu\u00ed se introdujo en el mundo de las carreras de motocross, influenciado por su padre Narcis Roca Vampir, ex-piloto oficial OSSA de motocross, al igual que \u00e9l quiso probar en este mundo, dedic\u00e1ndose profesionalmente a ello, sin duda es algo que siempre formara parte de su vida, consiguiendo grandes victorias.<\/p>\n<p>Sin darse cuenta Narc\u00eds fue alternando esta disciplina con el Stunt, ya que de bien peque\u00f1o estaba todo el d\u00eda jugando y realizando acrobacias con todo tipo de cacharros, bicis, monociclo, patinetes, scooters, sin saber que estaba practicando Stunt.<\/p>\n<p>Su primer espect\u00e1culo fue a los 12 a\u00f1os saliendo a una rueda por el escenario de una discoteca con su peque\u00f1o patinete a motor y alternando ese mismo espect\u00e1culo con su monociclo.<\/p>\n<p>A partir de aqu\u00ed quiso mejorar i no fue hasta el a\u00f1o 2000 y de la mano de Yamaha cuando empez\u00f3 a realizar espect\u00e1culos por todo el pa\u00eds promocionando el nuevo scotter yamaha slider 50.<\/p>\n<p>Sin darse cuenta Narc\u00eds se vio realizando exhibiciones por toda Europa combin\u00e1ndolo con el motocross hasta que llego el momento de redirigir su carrera y decantarse por el Stunt al 100%.<\/p>\n<p>Narc\u00eds a luchado d\u00eda a d\u00eda con duros entrenamientos y siempre con mucha vitalidad y esfuerzo por demostrar sus habilidades encima de la moto, por eso en el a\u00f1o 2000 y con tan solo 19 a\u00f1os decidi\u00f3 crear lo que es hoy el Narc\u00eds Roca Stunt Show, una empresa de espect\u00e1culos del motor dedica a ofrecer entretenimiento en todo tipo de eventos y competiciones.<\/p>\n<p>En el a\u00f1o 2005 Narc\u00eds ficho por la marca Buell distribuida en ese momento por la prestigiosa marca Harley Davidson, d\u00e1ndole la oportunidad de poder estar presente en infinidad de eventos relacionados con la marca.<\/p>\n<p>Gracias a todo esto pudo participar en varias ocasiones en el campeonato del mundo y Europa de Freestyle.<\/p>\n<p><strong>Campeonatos:<\/strong><\/p>\n<p>7\u00ba MUNDIAL INDOOR STUNTRIDING \u2013 2009<\/p>\n<p>6\u00ba MUNDIAL INDOOR STUNTRIDING \u2013 2007-2008<\/p>\n<p>3\u00ba EUROPEO STUNTRIDING \u2013 2007<\/p>\n<p>5\u00ba EUROPEO STUNTRIDING \u2013 2006<\/p>\n<p>Con todos estos logros a conseguido demostrar lo gran profesional y implicaci\u00f3n en cada uno de los retos que se propone, con ello conseguir a d\u00eda de hoy ser piloto oficial BMW Motorrad Espa\u00f1a, actualmente tiene un espect\u00e1culo donde combina la dificultad y destreza del stunt con multitud de veh\u00edculos, ya sean motos, quads o coches.<\/p>\n<p>Le gusta el riesgo y a la largo de su vida a conseguido superar muchos retos. Para Narc\u00eds nunca existe limitaci\u00f3n, la adrenalina es su fuente de alimentaci\u00f3n.<\/p>\n<p>Hoy en d\u00eda todo esto lo demuestra en sus shows y a la vez en el mundo del cine y la publicidad como especialista y doble en las escenas de riesgo. Siempre que puede y el tiempo le deja, intenta que sea compatible.<\/p>\n<p>Narc\u00eds lleva m\u00e1s de 500 espect\u00e1culos a sus espaldas, actuando en eventos tan conocidos como:<\/p>\n<ul>\n<li>Sal\u00f3n del autom\u00f3vil de Barcelona<\/li>\n<li>S\u00faperformula League, tour de seis eventos por Europa<\/li>\n<li>Sal\u00f3n de la moto en Madrid, Barcelona, Sevilla, Zaragoza\u2026<\/li>\n<li>Presentaciones de motos para distintas marcas por toda Europa<\/li>\n<li>Multitud de salones tunning<\/li>\n<li>Los principales eventos de Freestyle de Europa<\/li>\n<li>Convenciones y eventos de grandes empresas<\/li>\n<li>Campeonato del Mundo de GP y Superbikes<\/li>\n<li>Campeonato del Mundo de Turismos.<\/li>\n<li>Los mejores moto clubs de toda Europa<\/li>\n<li>Eventos para ayuntamientos<\/li>\n<li>Principales programas de TV del pa\u00eds<\/li>\n<li>Pel\u00edculas a nivel nacional y internacional<\/li>\n<\/ul>\n","protected":false},"excerpt":{"rendered":"<p>Narc\u00eds Roca lleva toda una vida dedicada al mundo del motor, de bien peque\u00f1o la pasi\u00f3n por el motor y las dos ruedas era evidente, se pasaba el d\u00eda trasteando en el taller de su padre. Cuando no te dabas cuenta, con apenas 7 a\u00f1os, ya iba a una rueda con sus bicicleta de BMX,&#8230; <a href=\"https:\/\/www.narcisroca.com\/?page_id=2\">(Leer m\u00e1s&#8230;)<\/a><\/p>\n","protected":false},"author":4,"featured_media":0,"parent":0,"menu_order":0,"comment_status":"open","ping_status":"closed","template":"","meta":{"footnotes":""},"class_list":["post-2","page","type-page","status-publish","hentry"],"_links":{"self":[{"href":"https:\/\/www.narcisroca.com\/index.php?rest_route=\/wp\/v2\/pages\/2","targetHints":{"allow":["GET"]}}],"collection":[{"href":"https:\/\/www.narcisroca.com\/index.php?rest_route=\/wp\/v2\/pages"}],"about":[{"href":"https:\/\/www.narcisroca.com\/index.php?rest_route=\/wp\/v2\/types\/page"}],"author":[{"embeddable":true,"href":"https:\/\/www.narcisroca.com\/index.php?rest_route=\/wp\/v2\/users\/4"}],"replies":[{"embeddable":true,"href":"https:\/\/www.narcisroca.com\/index.php?rest_route=%2Fwp%2Fv2%2Fcomments&post=2"}],"version-history":[{"count":11,"href":"https:\/\/www.narcisroca.com\/index.php?rest_route=\/wp\/v2\/pages\/2\/revisions"}],"predecessor-version":[{"id":676,"href":"https:\/\/www.narcisroca.com\/index.php?rest_route=\/wp\/v2\/pages\/2\/revisions\/676"}],"wp:attachment":[{"href":"https:\/\/www.narcisroca.com\/index.php?rest_route=%2Fwp%2Fv2%2Fmedia&parent=2"}],"curies":[{"name":"wp","href":"https:\/\/api.w.org\/{rel}","templated":true}]}}